{"id":259,"date":"2024-03-18T14:57:19","date_gmt":"2024-03-18T13:57:19","guid":{"rendered":"https:\/\/jordanblanchard.fr\/?page_id=259"},"modified":"2025-08-19T18:16:56","modified_gmt":"2025-08-19T16:16:56","slug":"shappy-2","status":"publish","type":"page","link":"https:\/\/jordanblanchard.fr\/?page_id=259","title":{"rendered":"Shappy"},"content":{"rendered":"<p>[et_pb_section fb_built=\u00a0\u00bb1&Prime; admin_label=\u00a0\u00bbHeader\u00a0\u00bb _builder_version=\u00a0\u00bb4.27.4&Prime; _module_preset=\u00a0\u00bbdefault\u00a0\u00bb background_color=\u00a0\u00bb#e7272d\u00a0\u00bb custom_padding=\u00a0\u00bb5vw||0vw||false|false\u00a0\u00bb bottom_divider_color=\u00a0\u00bb#385909&Prime; border_radii=\u00a0\u00bboff|||70px|70px\u00a0\u00bb locked=\u00a0\u00bboff\u00a0\u00bb collapsed=\u00a0\u00bbon\u00a0\u00bb global_colors_info=\u00a0\u00bb{}\u00a0\u00bb][et_pb_row column_structure=\u00a0\u00bb1_2,1_2&Prime; _builder_version=\u00a0\u00bb4.27.4&Prime; _module_preset=\u00a0\u00bbdefault\u00a0\u00bb max_width=\u00a0\u00bb1253px\u00a0\u00bb min_height=\u00a0\u00bb564px\u00a0\u00bb custom_padding=\u00a0\u00bb0px||2px|||\u00a0\u00bb global_colors_info=\u00a0\u00bb{}\u00a0\u00bb][et_pb_column type=\u00a0\u00bb1_2&Prime; _builder_version=\u00a0\u00bb4.19.1&Prime; _module_preset=\u00a0\u00bbdefault\u00a0\u00bb global_colors_info=\u00a0\u00bb{}\u00a0\u00bb][et_pb_image src=\u00a0\u00bbhttps:\/\/jordanblanchard.fr\/wp-content\/uploads\/2025\/06\/Capture-decran-2025-06-05-a-16.36.21.png\u00a0\u00bb title_text=\u00a0\u00bbCapture d\u2019\u00e9cran 2025-06-05 \u00e0 16.36.21&Prime; _builder_version=\u00a0\u00bb4.27.4&Prime; _module_preset=\u00a0\u00bbdefault\u00a0\u00bb width=\u00a0\u00bb158%\u00a0\u00bb module_alignment=\u00a0\u00bbcenter\u00a0\u00bb custom_margin=\u00a0\u00bb0px|32px|0px||false|false\u00a0\u00bb custom_padding=\u00a0\u00bb0px|||0px|false|false\u00a0\u00bb border_radii=\u00a0\u00bboff|92px||92px|92px\u00a0\u00bb global_colors_info=\u00a0\u00bb{}\u00a0\u00bb][\/et_pb_image][\/et_pb_column][et_pb_column type=\u00a0\u00bb1_2&Prime; _builder_version=\u00a0\u00bb4.19.1&Prime; _module_preset=\u00a0\u00bbdefault\u00a0\u00bb global_colors_info=\u00a0\u00bb{}\u00a0\u00bb][et_pb_image src=\u00a0\u00bbhttps:\/\/jordanblanchard.fr\/wp-content\/uploads\/2024\/11\/Avocat-salut.png\u00a0\u00bb title_text=\u00a0\u00bbAvocat salut\u00a0\u00bb align=\u00a0\u00bbright\u00a0\u00bb _builder_version=\u00a0\u00bb4.27.4&Prime; _module_preset=\u00a0\u00bbdefault\u00a0\u00bb width=\u00a0\u00bb50%\u00a0\u00bb custom_margin=\u00a0\u00bb147px||0px||false|false\u00a0\u00bb global_colors_info=\u00a0\u00bb{}\u00a0\u00bb][\/et_pb_image][\/et_pb_column][\/et_pb_row][\/et_pb_section][et_pb_section fb_built=\u00a0\u00bb1&Prime; next_background_color=\u00a0\u00bb#000000&Prime; _builder_version=\u00a0\u00bb4.27.4&Prime; _module_preset=\u00a0\u00bbdefault\u00a0\u00bb background_enable_color=\u00a0\u00bboff\u00a0\u00bb custom_padding=\u00a0\u00bb71px||160px||false|false\u00a0\u00bb top_divider_color=\u00a0\u00bb#385909&Prime; bottom_divider_style=\u00a0\u00bbwaves2&Prime; global_colors_info=\u00a0\u00bb{}\u00a0\u00bb][et_pb_row _builder_version=\u00a0\u00bb4.27.4&Prime; _module_preset=\u00a0\u00bbdefault\u00a0\u00bb custom_margin=\u00a0\u00bb|auto|0px|auto||\u00a0\u00bb hover_enabled=\u00a0\u00bb0&Prime; border_radii=\u00a0\u00bbon|20px|20px|20px|20px\u00a0\u00bb global_colors_info=\u00a0\u00bb{}\u00a0\u00bb sticky_enabled=\u00a0\u00bb0&Prime;][et_pb_column type=\u00a0\u00bb4_4&Prime; _builder_version=\u00a0\u00bb4.24.2&Prime; _module_preset=\u00a0\u00bbdefault\u00a0\u00bb global_colors_info=\u00a0\u00bb{}\u00a0\u00bb][et_pb_text _builder_version=\u00a0\u00bb4.27.4&Prime; _module_preset=\u00a0\u00bbdefault\u00a0\u00bb text_text_color=\u00a0\u00bb#E09900&Prime; custom_margin=\u00a0\u00bb|||20px|false|false\u00a0\u00bb hover_enabled=\u00a0\u00bb0&Prime; text_text_shadow_style=\u00a0\u00bbpreset5&Prime; text_text_shadow_horizontal_length=\u00a0\u00bb0.2em\u00a0\u00bb text_text_shadow_vertical_length=\u00a0\u00bb0.2em\u00a0\u00bb global_colors_info=\u00a0\u00bb{}\u00a0\u00bb sticky_enabled=\u00a0\u00bb0&Prime;]<\/p>\n<h2><span style=\"color: #ff9900;\"><strong><span style=\"font-size: xx-large;\">Shappy, qu&rsquo;est-ce que c&rsquo;est ?<\/span><\/strong><\/span><\/h2>\n<p>[\/et_pb_text][\/et_pb_column][\/et_pb_row][et_pb_row _builder_version=\u00a0\u00bb4.27.4&Prime; _module_preset=\u00a0\u00bbdefault\u00a0\u00bb min_height=\u00a0\u00bb103px\u00a0\u00bb custom_margin=\u00a0\u00bb-26px|auto||auto||\u00a0\u00bb custom_padding=\u00a0\u00bb21px|||||\u00a0\u00bb hover_enabled=\u00a0\u00bb0&Prime; border_radii=\u00a0\u00bbon|20px|20px|20px|20px\u00a0\u00bb global_colors_info=\u00a0\u00bb{}\u00a0\u00bb sticky_enabled=\u00a0\u00bb0&Prime;][et_pb_column type=\u00a0\u00bb4_4&Prime; _builder_version=\u00a0\u00bb4.24.2&Prime; _module_preset=\u00a0\u00bbdefault\u00a0\u00bb global_colors_info=\u00a0\u00bb{}\u00a0\u00bb][et_pb_text _builder_version=\u00a0\u00bb4.27.4&Prime; _module_preset=\u00a0\u00bbdefault\u00a0\u00bb custom_margin=\u00a0\u00bb|20px||20px|false|false\u00a0\u00bb custom_padding=\u00a0\u00bb5px|3px|20px|5px|false|false\u00a0\u00bb hover_enabled=\u00a0\u00bb0&Prime; global_colors_info=\u00a0\u00bb{}\u00a0\u00bb text_text_color=\u00a0\u00bb#E09900&Prime; sticky_enabled=\u00a0\u00bb0&Prime;]<\/p>\n<p><span style=\"color: #ffffff; font-size: large;\"><span style=\"color: #ff9900;\">Shappy est n\u00e9 lors de ma<\/span> <strong><span style=\"color: #e7272d;\">premi\u00e8re ann\u00e9e de master<\/span><\/strong><span style=\"color: #ff9900;\">. En effet, \u00e0 My Digital School, un projet est r\u00e9alis\u00e9 chque ann\u00e9e, le \u00ab\u00a0<\/span><strong><span style=\"color: #e7272d;\">My Digital Startup<\/span><\/strong><span style=\"color: #ff9900;\">\u00ab\u00a0. <\/span><\/span><span style=\"color: #ff9900; font-size: large;\">Le but ? Cr\u00e9er une startup sur un th\u00e8me donn\u00e9 en groupe avec des \u00e9tudiants de diff\u00e9rentes fili\u00e8res.<\/span><\/p>\n<p><span style=\"color: #ff9900; font-size: large;\"><\/span><\/p>\n<p><span style=\"color: #ffffff; font-size: large;\"><span style=\"color: #ff9900;\">Le th\u00e8me de cette ann\u00e9e \u00e9tait<\/span> \u00ab\u00a0<span style=\"color: #e7272d;\"><strong>bien agir pour demain<\/strong><\/span>\u00ab\u00a0, j&rsquo;ai donc pris l&rsquo;initiative de proposer une <strong><span style=\"color: #e7272d;\">startup li\u00e9 \u00e0 l&rsquo;environnement, plus pr\u00e9cis\u00e9ment au gaspillage alimentaire<\/span><\/strong>. Avec mes camarades, et en tant que chef d&rsquo;\u00e9quipe, nous avons lanc\u00e9 Shappy, la plateforme qui met en lien les agriculteurs et les<\/span><span style=\"color: #ffffff; font-size: large;\"> restaurateurs.<\/span><\/p>\n<p><span style=\"color: #ffffff; font-size: large;\"><\/span><\/p>\n<p><span style=\"color: #ffffff; font-size: large;\">La mission de Shappy est donc de <\/span><span style=\"font-size: large; color: #e7272d;\"><strong>permettre aux agriculteurs de revendre les fruits et l\u00e9gumes \u00ab\u00a0moches\u00a0\u00bb<\/strong><\/span><span style=\"color: #ffffff; font-size: large;\"> non accept\u00e9s par les supermarch\u00e9s et leurs produits invendus <\/span><span style=\"font-size: large; color: #e7272d;\"><strong>aux restaurateurs soucieux d&rsquo;avoir une consommation plus responsable et \u00e0 des co\u00fbts inf\u00e9rieurs<\/strong><\/span><span style=\"color: #ffffff; font-size: large;\"> \u00e0 ceux des produits \u00ab\u00a0normaux\u00a0\u00bb.\u00a0<\/span><span style=\"color: #ffffff; font-size: large;\"><\/span><\/p>\n<p><span style=\"color: #ffffff; font-size: large;\"><\/span><\/p>\n<p>[\/et_pb_text][et_pb_text _builder_version=\u00a0\u00bb4.24.2&Prime; _module_preset=\u00a0\u00bbdefault\u00a0\u00bb text_text_color=\u00a0\u00bb#ffe3b6&Prime; custom_margin=\u00a0\u00bb|||20px|false|false\u00a0\u00bb text_text_shadow_style=\u00a0\u00bbpreset5&Prime; text_text_shadow_horizontal_length=\u00a0\u00bb0.2em\u00a0\u00bb text_text_shadow_vertical_length=\u00a0\u00bb0.2em\u00a0\u00bb global_colors_info=\u00a0\u00bb{}\u00a0\u00bb]<\/p>\n<h1><strong><span style=\"color: #ffe3b6; font-size: xx-large;\">Ce que le projet m&rsquo;a apport\u00e9<\/span><\/strong><\/h1>\n<p>[\/et_pb_text][et_pb_text _builder_version=\u00a0\u00bb4.24.2&Prime; _module_preset=\u00a0\u00bbdefault\u00a0\u00bb custom_margin=\u00a0\u00bb|20px||20px|false|false\u00a0\u00bb custom_padding=\u00a0\u00bb5px|3px|20px|5px|false|false\u00a0\u00bb global_colors_info=\u00a0\u00bb{}\u00a0\u00bb]<\/p>\n<p><span style=\"color: #ffffff; font-size: large;\"><span style=\"caret-color: #ffffff;\">Cr\u00e9er et g\u00e9rer Shappy en collaboration avec mes camarades \u00e9tait \u00e0 la fois un grand plaisir et un d\u00e9fi de taille. En effet, en tant que chef de projet, je me devais d&rsquo;\u00eatre le porte parole de ce projet qui nous tenait \u00e0 coeur\u00a0<\/span><\/span><\/p>\n<p><span style=\"color: #ffffff; font-size: large;\"><\/span><\/p>\n<p>[\/et_pb_text][\/et_pb_column][\/et_pb_row][\/et_pb_section][et_pb_section fb_built=\u00a0\u00bb1&Prime; fullwidth=\u00a0\u00bbon\u00a0\u00bb _builder_version=\u00a0\u00bb4.24.2&Prime; _module_preset=\u00a0\u00bbdefault\u00a0\u00bb global_colors_info=\u00a0\u00bb{}\u00a0\u00bb][\/et_pb_section][et_pb_section fb_built=\u00a0\u00bb1&Prime; _builder_version=\u00a0\u00bb4.24.2&Prime; _module_preset=\u00a0\u00bbdefault\u00a0\u00bb global_colors_info=\u00a0\u00bb{}\u00a0\u00bb][et_pb_row _builder_version=\u00a0\u00bb4.24.2&Prime; _module_preset=\u00a0\u00bbdefault\u00a0\u00bb global_colors_info=\u00a0\u00bb{}\u00a0\u00bb][et_pb_column type=\u00a0\u00bb4_4&Prime; _builder_version=\u00a0\u00bb4.24.2&Prime; _module_preset=\u00a0\u00bbdefault\u00a0\u00bb global_colors_info=\u00a0\u00bb{}\u00a0\u00bb][\/et_pb_column][\/et_pb_row][\/et_pb_section]<\/p>\n","protected":false},"excerpt":{"rendered":"<p>Shappy, qu&rsquo;est-ce que c&rsquo;est ?Shappy est n\u00e9 lors de ma premi\u00e8re ann\u00e9e de master. En effet, \u00e0 My Digital School, un projet est r\u00e9alis\u00e9 chque ann\u00e9e, le \u00ab\u00a0My Digital Startup\u00a0\u00bb. Le but ? Cr\u00e9er une startup sur un th\u00e8me donn\u00e9 en groupe avec des \u00e9tudiants de diff\u00e9rentes fili\u00e8res. Le th\u00e8me de cette ann\u00e9e \u00e9tait \u00ab\u00a0bien [&hellip;]<\/p>\n","protected":false},"author":1,"featured_media":0,"parent":0,"menu_order":0,"comment_status":"closed","ping_status":"closed","template":"","meta":{"_et_pb_use_builder":"on","_et_pb_old_content":"","_et_gb_content_width":"","footnotes":""},"class_list":["post-259","page","type-page","status-publish","hentry"],"_links":{"self":[{"href":"https:\/\/jordanblanchard.fr\/index.php?rest_route=\/wp\/v2\/pages\/259","targetHints":{"allow":["GET"]}}],"collection":[{"href":"https:\/\/jordanblanchard.fr\/index.php?rest_route=\/wp\/v2\/pages"}],"about":[{"href":"https:\/\/jordanblanchard.fr\/index.php?rest_route=\/wp\/v2\/types\/page"}],"author":[{"embeddable":true,"href":"https:\/\/jordanblanchard.fr\/index.php?rest_route=\/wp\/v2\/users\/1"}],"replies":[{"embeddable":true,"href":"https:\/\/jordanblanchard.fr\/index.php?rest_route=%2Fwp%2Fv2%2Fcomments&post=259"}],"version-history":[{"count":18,"href":"https:\/\/jordanblanchard.fr\/index.php?rest_route=\/wp\/v2\/pages\/259\/revisions"}],"predecessor-version":[{"id":466,"href":"https:\/\/jordanblanchard.fr\/index.php?rest_route=\/wp\/v2\/pages\/259\/revisions\/466"}],"wp:attachment":[{"href":"https:\/\/jordanblanchard.fr\/index.php?rest_route=%2Fwp%2Fv2%2Fmedia&parent=259"}],"curies":[{"name":"wp","href":"https:\/\/api.w.org\/{rel}","templated":true}]}}